{"id":771,"date":"2021-11-09T17:57:22","date_gmt":"2021-11-09T16:57:22","guid":{"rendered":"https:\/\/webavvocati.it\/studio2\/?page_id=771"},"modified":"2021-11-09T17:59:24","modified_gmt":"2021-11-09T16:59:24","slug":"privacy","status":"publish","type":"page","link":"https:\/\/webavvocati.it\/studio2\/privacy\/","title":{"rendered":"Privacy"},"content":{"rendered":"<div class=\"row\">\n<div class=\"col span3\"><span style=\"color: #23282d; font-size: 1.4em; font-weight: 600;\">Privacy policy<\/span><\/div>\n<div><\/div>\n<div class=\"col span3\">\n<div class=\"business-hours\">\n<p>Il \u201ctitolare\u201d del trattamento<\/p>\n<p>A seguito della consultazione di questo sito possono essere trattati dati relativi a persone identificate o identificabili.<br \/>\nIl \u201cTitolare\u201d del loro trattamento \u00e8 lo STUDIO LEGALE VERDI, che ha sede principale in Cagliari (CA), viale Guglielmo Marconi, 222 (CAP 19125), tel. 070123456 \u2013 fax 070123456<br \/>\nLuogo di trattamento dei dati<\/p>\n<p>I trattamenti connessi ai servizi web di questo sito hanno luogo presso la sede di Cagliari dello STUDIO LEGALE VERDI e sono curati solo da personale tecnico incaricato del trattamento, oppure da incaricati specialisti per operazioni di manutenzione.<\/p>\n<p>Tipi di dati trattati<\/p>\n<p>Dati di navigazione<\/p>\n<p>I sistemi informatici e le procedure software preposte al funzionamento di questo sito web acquisiscono, nel corso del loro normale esercizio, alcuni dati personali la cui trasmissione \u00e8 implicita nell\u2019uso dei protocolli di comunicazione di Internet.<br \/>\nSi tratta di informazioni che non sono raccolte per essere associate a interessati identificati, ma che per loro stessa natura potrebbero, attraverso elaborazioni ed associazioni con dati detenuti da terzi, permettere di identificare gli utenti.<br \/>\nIn questa categoria di dati rientrano gli indirizzi IP o i nomi a dominio dei computer utilizzati dagli utenti che si connettono al sito, gli indirizzi in notazione URI (Uniform Resource Identifier) delle risorse richieste, l\u2019orario della richiesta, il metodo utilizzato nel sottoporre la richiesta al server, la dimensione del file ottenuto in risposta, il codice numerico indicante lo stato della risposta data dal server (buon fine, errore, ecc.) ed altri parametri relativi al sistema operativo e all\u2019ambiente informatico dell\u2019utente.<br \/>\nQuesti dati vengono utilizzati al solo fine di ricavare informazioni statistiche anonime sull\u2019uso del sito e per controllarne il corretto funzionamento e vengono cancellati immediatamente dopo l\u2019elaborazione. I dati potrebbero essere utilizzati per l\u2019accertamento di responsabilit\u00e0 in caso di ipotetici reati informatici ai danni del sito: salva questa eventualit\u00e0, allo stato i dati sui contatti web non persistono per pi\u00f9 di sette giorni.<\/p>\n<p>Dati forniti volontariamente dall\u2019utente<\/p>\n<p>L\u2019invio facoltativo, esplicito e volontario di posta elettronica agli indirizzi indicati su questo sito comporta la successiva acquisizione dell\u2019indirizzo del mittente, necessario per rispondere alle richieste, nonch\u00e9 degli eventuali altri dati personali inseriti nella missiva. Specifiche informative di sintesi verranno progressivamente riportate o visualizzate nelle pagine del sito predisposte per particolari servizi a richiesta.<\/p>\n<p>Cookies<\/p>\n<p>Nessun dato personale degli utenti viene in proposito acquisito dal sito.<br \/>\nNon viene fatto uso di cookies per la trasmissione di informazioni di carattere personale, n\u00e9 vengono utilizzati c.d. cookies persistenti di alcun tipo, ovvero sistemi per il tracciamento degli utenti.<br \/>\nL\u2019uso di c.d. cookies di sessione (che non vengono memorizzati in modo persistente sul computer dell\u2019utente e svaniscono con la chiusura del browser) \u00e8 strettamente limitato alla trasmissione di identificativi di sessione (costituiti da numeri casuali generati dal server) necessari per consentire l\u2019esplorazione sicura ed efficiente del sito.<br \/>\nI c.d. cookies di sessione utilizzati in questo sito evitano il ricorso ad altre tecniche informatiche potenzialmente pregiudizievoli per la riservatezza della navigazione degli utenti e non consentono l\u2019acquisizione di dati personali identificativi dell\u2019utente.<\/p>\n<p>Facoltativit\u00e0 del conferimento dei dati<\/p>\n<p>A parte quanto specificato per i dati di navigazione, l\u2019utente \u00e8 libero di fornire i dati personali riportati nei moduli di richiesta o comunque indicati, per sollecitare l\u2019invio di materiale informativo o di altre comunicazioni.<br \/>\nIl loro mancato conferimento pu\u00f2 comportare l\u2019impossibilit\u00e0 di ottenere quanto richiesto.<\/p>\n<p>Modalit\u00e0 del trattamento<\/p>\n<p>I dati personali sono trattati con strumenti automatizzati per il tempo strettamente necessario a conseguire gli scopi per cui sono stati raccolti.<br \/>\nSpecifiche misure di sicurezza sono osservate per prevenire la perdita dei dati, usi illeciti o non corretti ed accessi non autorizzati. Lo STUDIO LEGALE VERDI ha adottato tutte le misure minime di sicurezza previste dalla legge e, ispirandosi ai principali standard internazionali, ha anche adottato misure di sicurezza ulteriori per ridurre al minimo i rischi afferenti la riservatezza, la disponibilit\u00e0 e l\u2019integrit\u00e0 dei dati personali raccolti e trattati.<\/p>\n<p>Condivisione, comunicazione e diffusione dei dati<\/p>\n<p>I dati raccolti potranno essere trasferiti o comunicati alle altre sedi dello STUDIO LEGALE VERDI per attivit\u00e0 strettamente connesse e strumentali alle finalit\u00e0 per cui i dati sono stati raccolti (quali l\u2019operativit\u00e0 del servizio Internet, la gestione del sistema informatico e telematico, ovvero per trattamenti effettuati dalle medesime sedi per le stesse finalit\u00e0).<br \/>\nI dati personali forniti dagli utenti sono utilizzati al solo fine di eseguire il servizio o la prestazione richiesta e sono comunicati a terzi nel solo caso in cui ci\u00f2 sia a tal fine necessario (societ\u00e0 che forniscono servizi di imbustamento, etichettatura, spedizione).<br \/>\nAl di fuori di questi casi, i dati non saranno comunicati, n\u00e9 concessi ad alcuno, salvo che vi sia consenso esplicito a condividere i dati con terze parti ovvero vi sia la necessit\u00e0 di condividere con terzi le informazioni al fine di prestare il servizio richiesto.<br \/>\nNessun dato derivante dal servizio web viene diffuso.<\/p>\n<p>Trattamento dei dati sensibili<\/p>\n<p>Nel caso in cui vengano inviati richieste contenenti dati personali sensibili ovvero \u2013 ai sensi dell\u2019art. 4, lettera D del D. Lgs. 196\/2003 \u2013 dati inerenti lo stato di salute, opinioni politiche, religiose o sindacali, (ovvero l\u2019adesione a movimenti o organizzazioni di tale natura), dati giudiziari e dati inerenti le origini razziali o etniche. e non recante un esplicito consenso scritto al trattamento di tali dati, tale consenso verr\u00e0 richiesto esplicitamente e per iscritto. In mancanza di un riscontro entro 10 giorni, i dati saranno eliminati definitivamente.<\/p>\n<p>Diritti degli interessati<\/p>\n<p>I soggetti cui si riferiscono i dati personali hanno il diritto in qualunque momento di ottenere la conferma dell\u2019esistenza o meno dei medesimi dati e di conoscerne il contenuto e l\u2019origine, verificarne l\u2019esattezza o chiederne l\u2019integrazione o l\u2019aggiornamento, oppure la rettificazione (art. 7 del Decreto legislativo 30 giugno 2003, n. 196).<br \/>\nAi sensi del medesimo articolo si ha il diritto di chiedere la cancellazione, la trasformazione in forma anonima o il blocco dei dati trattati in violazione di legge, nonch\u00e9 di opporsi in ogni caso, per motivi legittimi, al loro trattamento.<\/p>\n<\/div>\n<\/div>\n<\/div>\n","protected":false},"excerpt":{"rendered":"<p>Privacy policy Il \u201ctitolare\u201d del trattamento A seguito della consultazione di questo sito possono essere trattati dati relativi a persone identificate o identificabili. Il \u201cTitolare\u201d del loro trattamento \u00e8 lo STUDIO LEGALE VERDI, che ha sede principale in Cagliari (CA), viale Guglielmo Marconi, 222 (CAP 19125), tel. 070123456 \u2013 fax 070123456 Luogo di trattamento dei [&hellip;]<\/p>\n","protected":false},"author":1,"featured_media":0,"parent":0,"menu_order":0,"comment_status":"closed","ping_status":"closed","template":"","meta":{"footnotes":""},"class_list":["post-771","page","type-page","status-publish","hentry"],"wppr_data":{"cwp_meta_box_check":"No"},"_links":{"self":[{"href":"https:\/\/webavvocati.it\/studio2\/wp-json\/wp\/v2\/pages\/771","targetHints":{"allow":["GET"]}}],"collection":[{"href":"https:\/\/webavvocati.it\/studio2\/wp-json\/wp\/v2\/pages"}],"about":[{"href":"https:\/\/webavvocati.it\/studio2\/wp-json\/wp\/v2\/types\/page"}],"author":[{"embeddable":true,"href":"https:\/\/webavvocati.it\/studio2\/wp-json\/wp\/v2\/users\/1"}],"replies":[{"embeddable":true,"href":"https:\/\/webavvocati.it\/studio2\/wp-json\/wp\/v2\/comments?post=771"}],"version-history":[{"count":2,"href":"https:\/\/webavvocati.it\/studio2\/wp-json\/wp\/v2\/pages\/771\/revisions"}],"predecessor-version":[{"id":773,"href":"https:\/\/webavvocati.it\/studio2\/wp-json\/wp\/v2\/pages\/771\/revisions\/773"}],"wp:attachment":[{"href":"https:\/\/webavvocati.it\/studio2\/wp-json\/wp\/v2\/media?parent=771"}],"curies":[{"name":"wp","href":"https:\/\/api.w.org\/{rel}","templated":true}]}}